{"id":2725,"date":"2024-03-17T11:41:23","date_gmt":"2024-03-17T11:41:23","guid":{"rendered":"https:\/\/lesharocanada.com\/Pi\u00e8ces-LeSharo\/potentiometrebraket\/"},"modified":"2024-03-17T11:41:23","modified_gmt":"2024-03-17T11:41:23","slug":"potentiometrebraket","status":"publish","type":"product","link":"https:\/\/lesharocanada.com\/en\/Pi\u00e8ces-LeSharo\/potentiometrebraket\/","title":{"rendered":"potentiometre+braket"},"content":{"rendered":"<p>pret pour l&#8217;installation ,pour la version bosh a gas,a \u00e9t\u00e9 recalibrer et tester,piece usag\u00e9<\/p>\n<p>ready to install,for bosh version only,have been tested and recalibrate,used part only<\/p>\n","protected":false},"excerpt":{"rendered":"<p>pret pour l&#8217;installation ,pour la version bosh a gas,a \u00e9t\u00e9 recalibrer et tester,piece usag\u00e9 ready to install,for bosh version only,have been tested and recalibrate,used part only<\/p>\n","protected":false},"featured_media":2629,"template":"","meta":[],"product_brand":[],"product_cat":[59],"product_tag":[],"class_list":{"0":"post-2725","1":"product","2":"type-product","3":"status-publish","4":"has-post-thumbnail","6":"product_cat-moteur-en","8":"first","9":"instock","10":"taxable","11":"shipping-taxable","12":"purchasable","13":"product-type-simple"},"_links":{"self":[{"href":"https:\/\/lesharocanada.com\/en\/wp-json\/wp\/v2\/product\/2725","targetHints":{"allow":["GET"]}}],"collection":[{"href":"https:\/\/lesharocanada.com\/en\/wp-json\/wp\/v2\/product"}],"about":[{"href":"https:\/\/lesharocanada.com\/en\/wp-json\/wp\/v2\/types\/product"}],"wp:featuredmedia":[{"embeddable":true,"href":"https:\/\/lesharocanada.com\/en\/wp-json\/wp\/v2\/media\/2629"}],"wp:attachment":[{"href":"https:\/\/lesharocanada.com\/en\/wp-json\/wp\/v2\/media?parent=2725"}],"wp:term":[{"taxonomy":"product_brand","embeddable":true,"href":"https:\/\/lesharocanada.com\/en\/wp-json\/wp\/v2\/product_brand?post=2725"},{"taxonomy":"product_cat","embeddable":true,"href":"https:\/\/lesharocanada.com\/en\/wp-json\/wp\/v2\/product_cat?post=2725"},{"taxonomy":"product_tag","embeddable":true,"href":"https:\/\/lesharocanada.com\/en\/wp-json\/wp\/v2\/product_tag?post=2725"}],"curies":[{"name":"wp","href":"https:\/\/api.w.org\/{rel}","templated":true}]}}