{"id":2224,"date":"2024-03-15T21:48:21","date_gmt":"2024-03-15T21:48:21","guid":{"rendered":"https:\/\/lesharocanada.com\/Pi\u00e8ces-LeSharo\/piston-moteur-bosh-engine-piston-bosh\/"},"modified":"2024-03-15T21:48:21","modified_gmt":"2024-03-15T21:48:21","slug":"piston-moteur-bosh-engine-piston-bosh","status":"publish","type":"product","link":"https:\/\/lesharocanada.com\/en\/Pi\u00e8ces-LeSharo\/piston-moteur-bosh-engine-piston-bosh\/","title":{"rendered":"piston moteur bosh\/engine piston bosh"},"content":{"rendered":"<p>vendu s\u00e9parement,disponible usag\u00e9 \u00e9galement juste indiquer si vous avez besoin de la version bosh ou bendix(80$ each)<\/p>\n<p>sold separately,available used too just tell us wich version u need bosh or bendix piston(80$ each)<\/p>\n","protected":false},"excerpt":{"rendered":"<p>vendu s\u00e9parement,disponible usag\u00e9 \u00e9galement juste indiquer si vous avez besoin de la version bosh ou bendix(80$ each) sold separately,available used too just tell us wich version u need bosh or bendix piston(80$ each)<\/p>\n","protected":false},"featured_media":2001,"template":"","meta":[],"product_brand":[],"product_cat":[59],"product_tag":[],"class_list":{"0":"post-2224","1":"product","2":"type-product","3":"status-publish","4":"has-post-thumbnail","6":"product_cat-moteur-en","8":"first","9":"instock","10":"taxable","11":"shipping-taxable","12":"purchasable","13":"product-type-simple"},"_links":{"self":[{"href":"https:\/\/lesharocanada.com\/en\/wp-json\/wp\/v2\/product\/2224","targetHints":{"allow":["GET"]}}],"collection":[{"href":"https:\/\/lesharocanada.com\/en\/wp-json\/wp\/v2\/product"}],"about":[{"href":"https:\/\/lesharocanada.com\/en\/wp-json\/wp\/v2\/types\/product"}],"wp:featuredmedia":[{"embeddable":true,"href":"https:\/\/lesharocanada.com\/en\/wp-json\/wp\/v2\/media\/2001"}],"wp:attachment":[{"href":"https:\/\/lesharocanada.com\/en\/wp-json\/wp\/v2\/media?parent=2224"}],"wp:term":[{"taxonomy":"product_brand","embeddable":true,"href":"https:\/\/lesharocanada.com\/en\/wp-json\/wp\/v2\/product_brand?post=2224"},{"taxonomy":"product_cat","embeddable":true,"href":"https:\/\/lesharocanada.com\/en\/wp-json\/wp\/v2\/product_cat?post=2224"},{"taxonomy":"product_tag","embeddable":true,"href":"https:\/\/lesharocanada.com\/en\/wp-json\/wp\/v2\/product_tag?post=2224"}],"curies":[{"name":"wp","href":"https:\/\/api.w.org\/{rel}","templated":true}]}}